{"id":1244,"date":"2021-02-15T14:00:25","date_gmt":"2021-02-15T14:00:25","guid":{"rendered":"https:\/\/www.changeover-online.net\/en\/?page_id=1244"},"modified":"2024-03-25T11:07:59","modified_gmt":"2024-03-25T11:07:59","slug":"publisher","status":"publish","type":"page","link":"https:\/\/www.changeover-online.net\/en\/publisher\/","title":{"rendered":"PUBLISHER"},"content":{"rendered":"<p style=\"text-align: center;\"><span style=\"color: #800080;\"><strong>PUBLISHER<\/strong><\/span><\/p>\n<p>&nbsp;<\/p>\n<p style=\"text-align: center;\"><span style=\"color: #000000;\">All books or other print products are made ecologically.<\/span><\/p>\n<p style=\"text-align: center;\"><span style=\"color: #000000;\">Printed in Vienna at Jentzsch, a small printing company.<\/span><\/p>\n<p>&nbsp;<\/p>\n<hr \/>\n<p style=\"text-align: left;\"><span style=\"color: #800080;\"><strong>Wolfgang Kiechl <\/strong><em>Der s\u00fc\u00dfe Sturm<\/em><strong><br \/>\n<\/strong> <\/span><\/p>\n<p style=\"text-align: left;\"><span style=\"color: #000000;\">CHANGEOVER is going to publish Wolfgang Kiechl&#8217;s debut <em>Der s\u00fc\u00dfe Sturm<\/em>.<\/span><\/p>\n<p style=\"text-align: left;\"><span style=\"color: #000000;\">Save the date: 04.11.2020, 7 p.m. at WUK!<\/span><\/p>\n<p style=\"text-align: left;\"><strong>Update:<\/strong> <span style=\"color: #000000;\">The book launch had to be cancelled. Fortunatly we had the opportunity to sell the book on the same evening at <span style=\"color: #800080;\"><a style=\"color: #800080;\" href=\"https:\/\/www.motmotdesign.com\/\">MotMot<\/a><\/span>! Thanks!<\/span><\/p>\n<hr \/>\n<p><span style=\"color: #800080;\"><strong>Wolfgang Kiechl<\/strong> <em>Der s\u00fc\u00dfe Sturm<\/em><\/span><\/p>\n<p><img loading=\"lazy\" decoding=\"async\" class=\"alignleft size-medium wp-image-1597\" src=\"https:\/\/www.changeover-online.net\/en\/wp-content\/uploads\/csm_bild0411changeover_5c8ab8aadb-300x115.jpg\" alt=\"\" width=\"300\" height=\"115\" srcset=\"https:\/\/www.changeover-online.net\/en\/wp-content\/uploads\/csm_bild0411changeover_5c8ab8aadb-300x115.jpg 300w, https:\/\/www.changeover-online.net\/en\/wp-content\/uploads\/csm_bild0411changeover_5c8ab8aadb-1024x394.jpg 1024w, https:\/\/www.changeover-online.net\/en\/wp-content\/uploads\/csm_bild0411changeover_5c8ab8aadb-768x295.jpg 768w, https:\/\/www.changeover-online.net\/en\/wp-content\/uploads\/csm_bild0411changeover_5c8ab8aadb-150x58.jpg 150w, https:\/\/www.changeover-online.net\/en\/wp-content\/uploads\/csm_bild0411changeover_5c8ab8aadb.jpg 1340w\" sizes=\"auto, (max-width: 300px) 100vw, 300px\" \/><\/p>\n<p>&nbsp;<\/p>\n<p><span style=\"color: #000000;\">Artwork &#8211; Renate Bertlmann<\/span><\/p>\n<p><span style=\"color: #000000;\">Pic &#8211; Lukas Beliza<\/span><\/p>\n<p><span style=\"color: #000000;\">Wolfgang Kiechl was born in Innsbruck, Tyrol.<\/span><\/p>\n<p><span style=\"color: #000000;\">He is solicitor and author. Wolfgang Kiechl lives and works in Vienna.<\/span><\/p>\n<p>&nbsp;<\/p>\n<p style=\"text-align: left;\"><span style=\"color: #800080;\"><strong>How to buy <\/strong><em>Der s\u00fc\u00dfe Sturm<\/em><\/span><\/p>\n<p style=\"text-align: left;\"><span style=\"color: #000000;\">You can go to<span style=\"color: #800080;\"> <a style=\"color: #800080;\" href=\"https:\/\/www.changeover-online.net\/en\/shop\/\">SHOP<\/a><\/span> and fill in the form.<\/span><\/p>\n<p style=\"text-align: left;\"><span style=\"color: #000000;\">You can either pay via online banking or by postal money order.<\/span><\/p>\n<p style=\"text-align: left;\"><span style=\"color: #000000;\">CHANGEOVER will send you the book(s). Thanks!<\/span><\/p>\n<section id=\"container\" class=\"two-columns-right\">\n<div id=\"content\" role=\"main\">\n<div id=\"post-1280\" class=\"post-1280 page type-page status-publish hentry\">\n<div class=\"entry-content\">\n<hr \/>\n<hr \/>\n<p><span style=\"color: #800080;\"><strong>Andi Pianka <\/strong><\/span><em><span style=\"color: #800080;\">Die Masken nieder<\/span><\/em><\/p>\n<p><span style=\"color: #000000;\"><em>Die Masken nieder <\/em>by Andi Pianka is out now &#8211; satirical Covid-dialogues and a fairy-tale.<\/span><\/p>\n<p><span style=\"color: #000000;\">Ilustrated by Steve Reeder<\/span> (<a href=\"https:\/\/www.motmotdesign.com\">MotMot<\/a>).<\/p>\n<p><span style=\"color: #000000;\">Who wants to read about absurd rules and\u00a0 crazy regulations and thinks that humour is the best &#8220;weapon&#8221; in life, should take a closer look.<\/span><\/p>\n<p><span style=\"color: #000000;\"><span style=\"color: #800080;\">Andi Pianka<\/span> was born in 1978 in Poland, since 1983 in Vienna.<\/span><\/p>\n<p><span style=\"color: #000000;\">Poetry-slamer, presenter, author, free spirit.<\/span><\/p>\n<p style=\"text-align: right;\"><img loading=\"lazy\" decoding=\"async\" class=\"alignleft size-medium wp-image-1605\" src=\"https:\/\/www.changeover-online.net\/en\/wp-content\/uploads\/IMG_3428-768x576-1-300x225.jpg\" alt=\"\" width=\"300\" height=\"225\" srcset=\"https:\/\/www.changeover-online.net\/en\/wp-content\/uploads\/IMG_3428-768x576-1-300x225.jpg 300w, https:\/\/www.changeover-online.net\/en\/wp-content\/uploads\/IMG_3428-768x576-1-150x113.jpg 150w, https:\/\/www.changeover-online.net\/en\/wp-content\/uploads\/IMG_3428-768x576-1.jpg 768w\" sizes=\"auto, (max-width: 300px) 100vw, 300px\" \/><\/p>\n<\/div>\n<\/div>\n<\/div>\n<\/section>\n<p>&nbsp;<\/p>\n<p>&nbsp;<\/p>\n<p>&nbsp;<\/p>\n<p>&nbsp;<\/p>\n<p>&nbsp;<\/p>\n<p>&nbsp;<\/p>\n<p>&nbsp;<\/p>\n<p>&nbsp;<\/p>\n<p>&nbsp;<\/p>\n<p>&nbsp;<\/p>\n<p>&nbsp;<\/p>\n<p>&nbsp;<\/p>\n<p>&nbsp;<\/p>\n<p><span style=\"color: #000000;\">Illustrations \u2013 Steve Reeder<\/span><\/p>\n<p><span style=\"color: #000000;\">Graphics and Layout \u2013 Anna Breitenberger<\/span><\/p>\n<p><span style=\"color: #000000;\">(both <a href=\"https:\/\/www.motmotdesign.com\">MotMot<\/a>)<\/span><\/p>\n<section id=\"container\" class=\"two-columns-right\">\n<div id=\"content\" role=\"main\">\n<div id=\"post-1280\" class=\"post-1280 page type-page status-publish hentry\">\n<div class=\"entry-content\">\n<hr \/>\n<p style=\"text-align: left;\"><span style=\"color: #800080;\"><strong>How to buy <\/strong><em>Die Masken nieder<\/em><\/span><\/p>\n<p style=\"text-align: left;\"><span style=\"color: #000000;\">You can go to<\/span> <a href=\"https:\/\/www.changeover-online.net\/en\/shop\/\">SHOP<\/a> <span style=\"color: #000000;\">and fill in the form.<\/span><\/p>\n<p style=\"text-align: left;\"><span style=\"color: #000000;\">You can either pay via online banking or by postal money order.<\/span><\/p>\n<p style=\"text-align: left;\"><span style=\"color: #000000;\">CHANGEOVER will send you the book(s). Thanks!<\/span><\/p>\n<\/div>\n<\/div>\n<\/div>\n<\/section>\n","protected":false},"excerpt":{"rendered":"<p>PUBLISHER &nbsp; All books or other print products are made ecologically. Printed in Vienna at Jentzsch, a small printing company. &nbsp; Wolfgang Kiechl Der s\u00fc\u00dfe Sturm CHANGEOVER is going to publish Wolfgang Kiechl&#8217;s debut Der s\u00fc\u00dfe Sturm. Save the date: 04.11.2020, 7 p.m. at WUK! Update: The book launch had&#8230;<\/p>\n<p> <a class=\"continue-reading-link\" href=\"https:\/\/www.changeover-online.net\/en\/publisher\/\"><span>Continue reading<\/span><i class=\"crycon-right-dir\"><\/i><\/a> <\/p>\n","protected":false},"author":1,"featured_media":0,"parent":0,"menu_order":0,"comment_status":"closed","ping_status":"closed","template":"","meta":{"footnotes":""},"class_list":["post-1244","page","type-page","status-publish","hentry"],"_links":{"self":[{"href":"https:\/\/www.changeover-online.net\/en\/wp-json\/wp\/v2\/pages\/1244","targetHints":{"allow":["GET"]}}],"collection":[{"href":"https:\/\/www.changeover-online.net\/en\/wp-json\/wp\/v2\/pages"}],"about":[{"href":"https:\/\/www.changeover-online.net\/en\/wp-json\/wp\/v2\/types\/page"}],"author":[{"embeddable":true,"href":"https:\/\/www.changeover-online.net\/en\/wp-json\/wp\/v2\/users\/1"}],"replies":[{"embeddable":true,"href":"https:\/\/www.changeover-online.net\/en\/wp-json\/wp\/v2\/comments?post=1244"}],"version-history":[{"count":15,"href":"https:\/\/www.changeover-online.net\/en\/wp-json\/wp\/v2\/pages\/1244\/revisions"}],"predecessor-version":[{"id":1609,"href":"https:\/\/www.changeover-online.net\/en\/wp-json\/wp\/v2\/pages\/1244\/revisions\/1609"}],"wp:attachment":[{"href":"https:\/\/www.changeover-online.net\/en\/wp-json\/wp\/v2\/media?parent=1244"}],"curies":[{"name":"wp","href":"https:\/\/api.w.org\/{rel}","templated":true}]}}